{"id":382,"date":"2023-03-10T11:43:02","date_gmt":"2023-03-10T11:43:02","guid":{"rendered":"https:\/\/bullseats.at\/?page_id=382"},"modified":"2023-03-10T11:43:46","modified_gmt":"2023-03-10T11:43:46","slug":"impressum","status":"publish","type":"page","link":"https:\/\/bullseats.at\/en\/impressum\/","title":{"rendered":"Imprint"},"content":{"rendered":"<div data-elementor-type=\"wp-page\" data-elementor-id=\"382\" class=\"elementor elementor-382\" data-elementor-post-type=\"page\">\n\t\t\t\t\t\t<section class=\"elementor-section elementor-top-section elementor-element elementor-element-34b0b78f elementor-section-boxed elementor-section-height-default elementor-section-height-default\" data-id=\"34b0b78f\" data-element_type=\"section\" data-e-type=\"section\" data-settings=\"{&quot;background_background&quot;:&quot;classic&quot;}\">\n\t\t\t\t\t\t\t<div class=\"elementor-background-overlay\"><\/div>\n\t\t\t\t\t\t\t<div class=\"elementor-container elementor-column-gap-default\">\n\t\t\t\t\t<div class=\"elementor-column elementor-col-100 elementor-top-column elementor-element elementor-element-39cd599d\" data-id=\"39cd599d\" data-element_type=\"column\" data-e-type=\"column\">\n\t\t\t<div class=\"elementor-widget-wrap elementor-element-populated\">\n\t\t\t\t\t\t<div class=\"elementor-element elementor-element-194daeb4 elementor-invisible elementor-widget elementor-widget-heading\" data-id=\"194daeb4\" data-element_type=\"widget\" data-e-type=\"widget\" data-settings=\"{&quot;_animation&quot;:&quot;fadeInUp&quot;,&quot;_animation_delay&quot;:50}\" data-widget_type=\"heading.default\">\n\t\t\t\t<div class=\"elementor-widget-container\">\n\t\t\t\t\t<h6 class=\"elementor-heading-title elementor-size-default\">BULLSEATS<\/h6>\t\t\t\t<\/div>\n\t\t\t\t<\/div>\n\t\t\t\t<div class=\"elementor-element elementor-element-6c997a25 elementor-invisible elementor-widget elementor-widget-heading\" data-id=\"6c997a25\" data-element_type=\"widget\" data-e-type=\"widget\" data-settings=\"{&quot;_animation&quot;:&quot;fadeInUp&quot;,&quot;_animation_delay&quot;:100}\" data-widget_type=\"heading.default\">\n\t\t\t\t<div class=\"elementor-widget-container\">\n\t\t\t\t\t<h3 class=\"elementor-heading-title elementor-size-default\"> \t\nImprint<\/h3>\t\t\t\t<\/div>\n\t\t\t\t<\/div>\n\t\t\t\t\t<\/div>\n\t\t<\/div>\n\t\t\t\t\t<\/div>\n\t\t<\/section>\n\t\t\t\t<section class=\"elementor-section elementor-top-section elementor-element elementor-element-2be3dba2 elementor-section-boxed elementor-section-height-default elementor-section-height-default\" data-id=\"2be3dba2\" data-element_type=\"section\" data-e-type=\"section\" data-settings=\"{&quot;background_background&quot;:&quot;classic&quot;}\">\n\t\t\t\t\t\t<div class=\"elementor-container elementor-column-gap-default\">\n\t\t\t\t\t<div class=\"elementor-column elementor-col-100 elementor-top-column elementor-element elementor-element-736f2ed5\" data-id=\"736f2ed5\" data-element_type=\"column\" data-e-type=\"column\">\n\t\t\t<div class=\"elementor-widget-wrap elementor-element-populated\">\n\t\t\t\t\t\t<div class=\"elementor-element elementor-element-1c4b3ff elementor-widget elementor-widget-text-editor\" data-id=\"1c4b3ff\" data-element_type=\"widget\" data-e-type=\"widget\" data-widget_type=\"text-editor.default\">\n\t\t\t\t<div class=\"elementor-widget-container\">\n\t\t\t\t\t\t\t\t\t<p>VERANTWORTLICH F\u00dcR DEN INHALT<\/p><p>ALL4CON GmbH<\/p><p>Nibelungengasse 1\/3\/50<\/p><p>1010 Wien<\/p><p>Gesch\u00e4ftsf\u00fchrung:<br \/>DI Christian Kren<\/p><p>www.all4con.com<\/p><p>office@all4con.com<\/p><p>Firmenbuchgericht und -nummer: Handelsgericht Wien<\/p><p>Sitz der Gesellschaft: Wien<\/p><p>Firmenbuchnummer: FN 536863 f<\/p><p>UID Nummer: ATU75777857<\/p><p>Mitglied der Wirtschaftskammer Wien, Fachgruppe \/ Berufszweig Finanzdienstleister \/ Auskunfteien<\/p><p>Offenlegung gem\u00e4\u00df \u00a725 Mediengesetz:<\/p><p>Medieninhaber: ALL4CON GmbH<\/p><p>Firmensitz (Ort der Hauptniederlassung): Wien<\/p><p>Haftungsauschluss:<\/p><p>Alle auf diesen Seiten dargestellten Informationen wurden nach bestem Wissen und Gewissen recherchiert und aufbereitet. Allerdings k\u00f6nnen wir keine Gew\u00e4hr f\u00fcr Richtigkeit aller auf diesen Seiten dargestellten Informationen \u00fcbernehmen.<\/p><p>Links:<\/p><p>Bei den verlinkten externen Seiten handelt es sich ausschlie\u00dflich um fremde Inhalte. Die ALL4CON GmbH \u00fcbernimmt keine Verantwortung f\u00fcr den Inhalt der verlinkten Seiten.<\/p>\t\t\t\t\t\t\t\t<\/div>\n\t\t\t\t<\/div>\n\t\t\t\t\t<\/div>\n\t\t<\/div>\n\t\t\t\t\t<\/div>\n\t\t<\/section>\n\t\t\t\t<\/div>","protected":false},"excerpt":{"rendered":"<p>BULLSEATS Impressum VERANTWORTLICH F\u00dcR DEN INHALT ALL4CON GmbH Nibelungengasse 1\/3\/50 1010 Wien Gesch\u00e4ftsf\u00fchrung:DI Christian Kren www.all4con.com office@all4con.com Firmenbuchgericht und -nummer: Handelsgericht Wien Sitz der Gesellschaft: Wien Firmenbuchnummer: FN 536863 f UID Nummer: ATU75777857 Mitglied der Wirtschaftskammer Wien, Fachgruppe \/ Berufszweig Finanzdienstleister \/ Auskunfteien Offenlegung gem\u00e4\u00df \u00a725 Mediengesetz: Medieninhaber: ALL4CON GmbH Firmensitz (Ort der Hauptniederlassung): Wien [&hellip;]<\/p>\n","protected":false},"author":1,"featured_media":0,"parent":0,"menu_order":0,"comment_status":"closed","ping_status":"closed","template":"elementor_header_footer","meta":{"footnotes":""},"class_list":["post-382","page","type-page","status-publish","hentry"],"_links":{"self":[{"href":"https:\/\/bullseats.at\/en\/wp-json\/wp\/v2\/pages\/382","targetHints":{"allow":["GET"]}}],"collection":[{"href":"https:\/\/bullseats.at\/en\/wp-json\/wp\/v2\/pages"}],"about":[{"href":"https:\/\/bullseats.at\/en\/wp-json\/wp\/v2\/types\/page"}],"author":[{"embeddable":true,"href":"https:\/\/bullseats.at\/en\/wp-json\/wp\/v2\/users\/1"}],"replies":[{"embeddable":true,"href":"https:\/\/bullseats.at\/en\/wp-json\/wp\/v2\/comments?post=382"}],"version-history":[{"count":4,"href":"https:\/\/bullseats.at\/en\/wp-json\/wp\/v2\/pages\/382\/revisions"}],"predecessor-version":[{"id":386,"href":"https:\/\/bullseats.at\/en\/wp-json\/wp\/v2\/pages\/382\/revisions\/386"}],"wp:attachment":[{"href":"https:\/\/bullseats.at\/en\/wp-json\/wp\/v2\/media?parent=382"}],"curies":[{"name":"wp","href":"https:\/\/api.w.org\/{rel}","templated":true}]}}